{"id":18,"date":"2017-06-10T08:25:52","date_gmt":"2017-06-10T08:25:52","guid":{"rendered":"http:\/\/xtratheme.comconstruction\/?page_id=10"},"modified":"2024-03-04T13:31:53","modified_gmt":"2024-03-04T13:31:53","slug":"iletisim","status":"publish","type":"page","link":"https:\/\/atoll.com.tr\/index.php\/iletisim\/","title":{"rendered":"\u0130leti\u015fim"},"content":{"rendered":"\t\t<div data-elementor-type=\"wp-page\" data-elementor-id=\"18\" class=\"elementor elementor-18\">\n\t\t\t\t\t\t<section class=\"elementor-section elementor-top-section elementor-element elementor-element-b41ceb1 elementor-section-boxed elementor-section-height-default elementor-section-height-default\" data-id=\"b41ceb1\" data-element_type=\"section\">\n\t\t\t\t\t\t<div class=\"elementor-container elementor-column-gap-default\">\n\t\t\t\t\t<div class=\"elementor-column elementor-col-33 elementor-top-column elementor-element elementor-element-44c4fe0\" data-id=\"44c4fe0\" data-element_type=\"column\">\n\t\t\t<div class=\"elementor-widget-wrap elementor-element-populated\">\n\t\t\t\t\t\t<div class=\"elementor-element elementor-element-0d9a19c elementor-widget elementor-widget-cz_title\" data-id=\"0d9a19c\" data-element_type=\"widget\" data-widget_type=\"cz_title.default\">\n\t\t\t\t<div class=\"elementor-widget-container\">\n\t\t\t\t\r\n\t\t<div>\r\n\t\t\t<div class=\"cz_title clr cz_mobile_text_center cz_title_has_icon cz_title_pos_inline\"><a href=\"mailto:info@xtraconstru.com\"><div class=\"cz_title_content\"><i class=\"cz_title_icon_before fa fa-envelope-o\"><\/i><div class=\"cz_wpe_content\"><h3><span style=\"color: #577389;\">Eposta<\/span><\/h3><p><span style=\"color: #aaaaaa; font-size: 14px;\">info@atoll.com.tr<\/span><\/p><\/div><\/div><\/a><\/div>\r\n\t\t<\/div>\r\n\t\t\r\n\t\t\t\t<\/div>\n\t\t\t\t<\/div>\n\t\t\t\t\t<\/div>\n\t\t<\/div>\n\t\t\t\t<div class=\"elementor-column elementor-col-33 elementor-top-column elementor-element elementor-element-7c50fb6\" data-id=\"7c50fb6\" data-element_type=\"column\">\n\t\t\t<div class=\"elementor-widget-wrap elementor-element-populated\">\n\t\t\t\t\t\t<div class=\"elementor-element elementor-element-6f76126 elementor-widget elementor-widget-cz_title\" data-id=\"6f76126\" data-element_type=\"widget\" data-widget_type=\"cz_title.default\">\n\t\t\t\t<div class=\"elementor-widget-container\">\n\t\t\t\t\r\n\t\t<div>\r\n\t\t\t<div class=\"cz_title clr cz_mobile_text_center cz_title_has_icon cz_title_pos_inline\"><a href=\"tel:+1800333445\"><div class=\"cz_title_content\"><i class=\"cz_title_icon_before fa fa-volume-control-phone\"><\/i><div class=\"cz_wpe_content\"><h3>Telefon<\/h3><p><span style=\"color: #aaaaaa; font-size: 14px;\">+90 543 414 80 72<\/span><\/p><\/div><\/div><\/a><\/div>\r\n\t\t<\/div>\r\n\t\t\r\n\t\t\t\t<\/div>\n\t\t\t\t<\/div>\n\t\t\t\t\t<\/div>\n\t\t<\/div>\n\t\t\t\t<div class=\"elementor-column elementor-col-33 elementor-top-column elementor-element elementor-element-36c756b\" data-id=\"36c756b\" data-element_type=\"column\">\n\t\t\t<div class=\"elementor-widget-wrap elementor-element-populated\">\n\t\t\t\t\t\t<div class=\"elementor-element elementor-element-5293798 elementor-widget elementor-widget-cz_title\" data-id=\"5293798\" data-element_type=\"widget\" data-widget_type=\"cz_title.default\">\n\t\t\t\t<div class=\"elementor-widget-container\">\n\t\t\t\t\r\n\t\t<div>\r\n\t\t\t<div class=\"cz_title clr cz_mobile_text_center cz_title_has_icon cz_title_pos_inline\"><a href=\"tel:+1800333445\"><div class=\"cz_title_content\"><i class=\"cz_title_icon_before fa fa-map-marker\"><\/i><div class=\"cz_wpe_content\"><h3>Adres<\/h3><p><span style=\"font-size: 14px; color: #aaaaaa;\">\u015eerifali Mah. Barbaros Cad. No:54\/1 \u00dcmraniye - Istanbul - TURKIYE<\/span><\/p><\/div><\/div><\/a><\/div>\r\n\t\t<\/div>\r\n\t\t\r\n\t\t\t\t<\/div>\n\t\t\t\t<\/div>\n\t\t\t\t\t<\/div>\n\t\t<\/div>\n\t\t\t\t\t<\/div>\n\t\t<\/section>\n\t\t\t\t<section class=\"elementor-section elementor-top-section elementor-element elementor-element-2e07bc8 elementor-section-boxed elementor-section-height-default elementor-section-height-default\" data-id=\"2e07bc8\" data-element_type=\"section\" data-settings=\"{&quot;background_background&quot;:&quot;classic&quot;}\">\n\t\t\t\t\t\t<div class=\"elementor-container elementor-column-gap-default\">\n\t\t\t\t\t<div class=\"elementor-column elementor-col-50 elementor-top-column elementor-element elementor-element-847ac27\" data-id=\"847ac27\" data-element_type=\"column\">\n\t\t\t<div class=\"elementor-widget-wrap elementor-element-populated\">\n\t\t\t\t\t\t<div class=\"elementor-element elementor-element-d3b8c9d elementor-widget elementor-widget-cz_title\" data-id=\"d3b8c9d\" data-element_type=\"widget\" data-widget_type=\"cz_title.default\">\n\t\t\t\t<div class=\"elementor-widget-container\">\n\t\t\t\t\r\n\t\t<div>\r\n\t\t\t<div class=\"cz_title clr cz_mobile_text_center cz_title_pos_inline\"><div class=\"cz_title_content\"><div class=\"cz_wpe_content\"><h3><span style=\"font-size: 24px;\">Mesajlar\u0131n\u0131z\u0131 a\u015fa\u011f\u0131daki form arac\u0131l\u0131\u011f\u0131yla g\u00f6nderin.<\/span><\/h3><\/div><\/div><\/div>\r\n\t\t<\/div>\r\n\t\t\r\n\t\t\t\t<\/div>\n\t\t\t\t<\/div>\n\t\t\t\t\t<\/div>\n\t\t<\/div>\n\t\t\t\t<div class=\"elementor-column elementor-col-50 elementor-top-column elementor-element elementor-element-168a32f\" data-id=\"168a32f\" data-element_type=\"column\">\n\t\t\t<div class=\"elementor-widget-wrap elementor-element-populated\">\n\t\t\t\t\t\t<div class=\"elementor-element elementor-element-57a6c5c elementor-widget elementor-widget-cz_google_map\" data-id=\"57a6c5c\" data-element_type=\"widget\" data-widget_type=\"cz_google_map.default\">\n\t\t\t\t<div class=\"elementor-widget-container\">\n\t\t\t<div id=\"cz9945\" class=\"gmap\" data-api-key=\"AIzaSyBtD89e_63nmA6xcZWW4y0s5Ll9HPTCvVQ\"> <\/div><script>\r\n\t\t\tfunction mapfucntion_cz9945() {\r\n\r\n\t\t\t\tgoogle.maps.Map.prototype.setCenterWithOffset= function(latlng, offsetX, offsetY) {\r\n\t\t\t\t\tvar map = this;\r\n\t\t\t\t\tvar ov = new google.maps.OverlayView();\r\n\t\t\t\t\tov.onAdd = function() {\r\n\t\t\t\t\t\tvar proj = this.getProjection();\r\n\t\t\t\t\t\tvar aPoint = proj.fromLatLngToContainerPixel(latlng);\r\n\t\t\t\t\t\taPoint.x = aPoint.x+offsetX;\r\n\t\t\t\t\t\taPoint.y = aPoint.y+offsetY;\r\n\t\t\t\t\t\tmap.setCenter(proj.fromContainerPixelToLatLng(aPoint));\r\n\t\t\t\t\t}; \r\n\t\t\t\t\tov.draw = function() {}; \r\n\t\t\t\t\tov.setMap(this); \r\n\t\t\t\t};\r\n\r\n\t\t\t\tvar windx = jQuery(window), \r\n\r\n\t\t\t\t\tlatlng = new google.maps.LatLng(40.712784, -74.005941),\r\n\r\n\t\t\t\t\tmyOptions = {\r\n\t\t\t\t\t\tzoom: 14,\r\n\t\t\t\t\t\tscrollwheel: false,\r\n\t\t\t\t\t\tdisableDefaultUI: false,\r\n\t\t\t\t\t\tcenter: latlng\r\n\t\t\t\t\t},\r\n\r\n\t\t\t\t\tcz9945 = new google.maps.Map(document.getElementById(\"cz9945\"),\r\n\t\t\t\t\tmyOptions),\r\n\r\n\t\t\t\t\tsetCenterOffset = function() {\r\n\r\n\t\t\t\t\t\tif ( windx.width() < 768 ) {\r\n\t\t\t\t\t\t\tcz9945.setCenterWithOffset( latlng, 0, 0 );\r\n\t\t\t\t\t\t} else {\r\n\t\t\t\t\t\t\tcz9945.setCenterWithOffset( latlng, 0, 0 );\r\n\t\t\t\t\t\t}\r\n\r\n\t\t\t\t\t};\r\n\r\n\t\t\t\tsetCenterOffset();\r\n\r\n\t\t\t\twindx.on( \"resize\", function() {\r\n\t\t\t\t\tsetCenterOffset();\r\n\t\t\t\t});\r\n\t\t\tvar styles = [{\"elementType\": \"geometry\",\"stylers\": [{\"color\": \"#f5f5f5\"}]},{\"elementType\": \"labels.icon\",\"stylers\": [{\"visibility\": \"off\"}]},{\"elementType\": \"labels.text.fill\",\"stylers\": [{\"color\": \"#616161\"}]},{\"elementType\": \"labels.text.stroke\",\"stylers\": [{\"color\": \"#f5f5f5\"}]},{\"featureType\": \"administrative.land_parcel\",\"elementType\": \"labels\",\"stylers\": [{\"visibility\": \"off\"}]},{\"featureType\": \"administrative.land_parcel\",\"elementType\": \"labels.text.fill\",\"stylers\": [{\"color\": \"#bdbdbd\"}]},{\"featureType\": \"poi\",\"elementType\": \"geometry\",\"stylers\": [{\"color\": \"#eeeeee\"}]},{\"featureType\": \"poi\",\"elementType\": \"labels.text\",\"stylers\": [{\"visibility\": \"off\"}]},{\"featureType\": \"poi\",\"elementType\": \"labels.text.fill\",\"stylers\": [{\"color\": \"#757575\"}]},{\"featureType\": \"poi.park\",\"elementType\": \"geometry\",\"stylers\": [{\"color\": \"#e5e5e5\"}]},{\"featureType\": \"poi.park\",\"elementType\": \"labels.text.fill\",\"stylers\": [{\"color\": \"#9e9e9e\"}]},{\"featureType\": \"road\",\"elementType\": \"geometry\",\"stylers\": [{\"color\": \"#ffffff\"}]},{\"featureType\": \"road.arterial\",\"elementType\": \"labels.text.fill\",\"stylers\": [{\"color\": \"#757575\"}]},{\"featureType\": \"road.highway\",\"elementType\": \"geometry\",\"stylers\": [{\"color\": \"#dadada\"}]},{\"featureType\": \"road.highway\",\"elementType\": \"labels.text.fill\",\"stylers\": [{\"color\": \"#616161\"}]},{\"featureType\": \"road.local\",\"elementType\": \"labels\",\"stylers\": [{\"visibility\": \"off\"}]},{\"featureType\": \"road.local\",\"elementType\": \"labels.text.fill\",\"stylers\": [{\"color\": \"#9e9e9e\"}]},{\"featureType\": \"transit.line\",\"elementType\": \"geometry\",\"stylers\": [{\"color\": \"#e5e5e5\"}]},{\"featureType\": \"transit.station\",\"elementType\": \"geometry\",\"stylers\": [{\"color\": \"#eeeeee\"}]},{\"featureType\": \"water\",\"elementType\": \"geometry\",\"stylers\": [{\"color\": \"#c9c9c9\"}]},{\"featureType\": \"water\",\"elementType\": \"labels.text.fill\",\"stylers\": [{\"color\": \"#9e9e9e\"}]}];var styledMap = new google.maps.StyledMapType(styles,{name: \"Styled Map\"});cz9945.mapTypes.set(\"map_style\", styledMap);  cz9945.setMapTypeId(\"map_style\");var image = \"https:\/\/atoll.com.tr\/wp-content\/uploads\/2017\/08\/mapicon-1.png\";var marker = new google.maps.Marker({map: cz9945,icon: image,position: cz9945.getCenter()});\r\n\t\t\tvar contentString = '<div class=\"infowindow\" style=\"white-space:nowrap\">Your information goes here!<\/div>';\r\n\t\t\tvar infowindow = new google.maps.InfoWindow({\r\n\t\t\t\tcontent: contentString\r\n\t\t\t});\r\n\t\t\t\t\t\t\r\n\t\t\tgoogle.maps.event.addListener(marker, 'click', function() {\r\n\t\t\t  infowindow.open(cz9945,marker);\r\n\t\t\t});\r\n\t\t\t}<\/script>\t\t<\/div>\n\t\t\t\t<\/div>\n\t\t\t\t\t<\/div>\n\t\t<\/div>\n\t\t\t\t\t<\/div>\n\t\t<\/section>\n\t\t\t\t<section class=\"elementor-section elementor-top-section elementor-element elementor-element-5363b67 elementor-section-boxed elementor-section-height-default elementor-section-height-default\" data-id=\"5363b67\" data-element_type=\"section\">\n\t\t\t\t\t\t<div class=\"elementor-container elementor-column-gap-default\">\n\t\t\t\t\t<div class=\"elementor-column elementor-col-100 elementor-top-column elementor-element elementor-element-b56058f\" data-id=\"b56058f\" data-element_type=\"column\">\n\t\t\t<div class=\"elementor-widget-wrap elementor-element-populated\">\n\t\t\t\t\t\t<div class=\"elementor-element elementor-element-9dfe3a8 elementor-widget elementor-widget-cz_button\" data-id=\"9dfe3a8\" data-element_type=\"widget\" data-widget_type=\"cz_button.default\">\n\t\t\t\t<div class=\"elementor-widget-container\">\n\t\t\t\t\t<div class=\"cz_btn_block\">\r\n\t\t\t<div>\r\n\t\t\t\t<a  class=\"cz_btn cz_btn_txt_no_fx cz_btn_no_fx\">\r\n\r\n\t\t\t\t\t<span><i class=\"fa fa-volume-control-phone\"><\/i>\t\t\t\t\t\t<strong>B\u0130Z\u0130 HEMEN ARAYIN +90 543 414 80 72\t\t\t\t\t\t\t\t\t\t\t\t\t<\/strong>\r\n\t\t\t\t\t\t\t\t\t\t\t<\/span>\r\n\r\n\t\t\t\t\t<b class=\"cz_btn_onhover\">\r\n\t\t\t\t\t\t<i class=\"fa fa-volume-control-phone\"><\/i>\t\t\t\t\t\t<strong>\r\n\t\t\t\t\t\t\tB\u0130Z\u0130 HEMEN ARAYIN +90 543 414 80 72\t\t\t\t\t\t\t\t\t\t\t\t\t<\/strong>\r\n\t\t\t\t\t\t\t\t\t\t\t<\/b>\r\n\r\n\t\t\t\t<\/a>\r\n\t\t\t<\/div>\r\n\t\t<\/div> \t\t\t\t<\/div>\n\t\t\t\t<\/div>\n\t\t\t\t\t<\/div>\n\t\t<\/div>\n\t\t\t\t\t<\/div>\n\t\t<\/section>\n\t\t\t\t<\/div>\n\t\t","protected":false},"excerpt":{"rendered":"<p>Eposta info@atoll.com.tr Telefon +90 543 414 80 72 Adres \u015eerifali Mah. &#8230; <\/p>\n","protected":false},"author":1,"featured_media":0,"parent":0,"menu_order":0,"comment_status":"closed","ping_status":"closed","template":"","meta":{"footnotes":""},"class_list":["post-18","page","type-page","status-publish","hentry"],"_links":{"self":[{"href":"https:\/\/atoll.com.tr\/index.php\/wp-json\/wp\/v2\/pages\/18","targetHints":{"allow":["GET"]}}],"collection":[{"href":"https:\/\/atoll.com.tr\/index.php\/wp-json\/wp\/v2\/pages"}],"about":[{"href":"https:\/\/atoll.com.tr\/index.php\/wp-json\/wp\/v2\/types\/page"}],"author":[{"embeddable":true,"href":"https:\/\/atoll.com.tr\/index.php\/wp-json\/wp\/v2\/users\/1"}],"replies":[{"embeddable":true,"href":"https:\/\/atoll.com.tr\/index.php\/wp-json\/wp\/v2\/comments?post=18"}],"version-history":[{"count":16,"href":"https:\/\/atoll.com.tr\/index.php\/wp-json\/wp\/v2\/pages\/18\/revisions"}],"predecessor-version":[{"id":1077,"href":"https:\/\/atoll.com.tr\/index.php\/wp-json\/wp\/v2\/pages\/18\/revisions\/1077"}],"wp:attachment":[{"href":"https:\/\/atoll.com.tr\/index.php\/wp-json\/wp\/v2\/media?parent=18"}],"curies":[{"name":"wp","href":"https:\/\/api.w.org\/{rel}","templated":true}]}}